{"id":348,"date":"2024-09-26T21:12:01","date_gmt":"2024-09-26T21:12:01","guid":{"rendered":"https:\/\/daniel-herrmann.io\/?page_id=348"},"modified":"2026-02-11T19:31:25","modified_gmt":"2026-02-11T19:31:25","slug":"daniel-herrmann-danke","status":"publish","type":"page","link":"https:\/\/daniel-herrmann.io\/en\/daniel-herrmann-danke\/","title":{"rendered":"Daniel Herrmann &#8211; Danke"},"content":{"rendered":"<div data-elementor-type=\"wp-page\" data-elementor-id=\"348\" class=\"elementor elementor-348\" data-elementor-post-type=\"page\">\n\t\t\t\t<div class=\"elementor-element elementor-element-f5e6d3b e-flex e-con-boxed e-con e-parent\" data-id=\"f5e6d3b\" data-element_type=\"container\" data-e-type=\"container\">\n\t\t\t\t\t<div class=\"e-con-inner\">\n\t\t<div class=\"elementor-element elementor-element-f3d5488 e-con-full e-flex e-con e-child\" data-id=\"f3d5488\" data-element_type=\"container\" data-e-type=\"container\" data-settings=\"{&quot;background_background&quot;:&quot;classic&quot;}\">\n\t\t<div class=\"elementor-element elementor-element-c6599fe e-con-full e-flex e-con e-child\" data-id=\"c6599fe\" data-element_type=\"container\" data-e-type=\"container\">\n\t\t<div class=\"elementor-element elementor-element-5ddd446 e-con-full e-flex e-con e-child\" data-id=\"5ddd446\" data-element_type=\"container\" data-e-type=\"container\">\n\t\t\t\t<div class=\"elementor-element elementor-element-0922d1e elementor-widget elementor-widget-text-editor\" data-id=\"0922d1e\" data-element_type=\"widget\" data-e-type=\"widget\" data-widget_type=\"text-editor.default\">\n\t\t\t\t\t\t\t\t\t<p><span style=\"font-weight: 400;\">Validierung computergest\u00fctzter Systeme\u00a0<\/span><\/p>\t\t\t\t\t\t\t\t<\/div>\n\t\t\t\t<div class=\"elementor-element elementor-element-d38d399 elementor-widget elementor-widget-heading\" data-id=\"d38d399\" data-element_type=\"widget\" data-e-type=\"widget\" data-widget_type=\"heading.default\">\n\t\t\t\t\t<h2 class=\"elementor-heading-title elementor-size-default\"><p>\n<span style=\"background: linear-gradient(to right, #6723c6, #3fcdd0);color: transparent\">Danke f\u00fcr die Terminbuchung<\/span>\n<\/p><\/h2>\t\t\t\t<\/div>\n\t\t\t\t<div class=\"elementor-element elementor-element-d4eef93 elementor-widget elementor-widget-text-editor\" data-id=\"d4eef93\" data-element_type=\"widget\" data-e-type=\"widget\" data-widget_type=\"text-editor.default\">\n\t\t\t\t\t\t\t\t\t<p>Ich freue mich sehr, dass Du Dich f\u00fcr ein Gespr\u00e4ch mit mir entschieden hast und bin gespannt auf das Gespr\u00e4ch. Es ist mir eine Freude, Dich bei Deinen individuellen Herausforderungen zu unterst\u00fctzen, und blicke mit Neugier und Vorfreude auf den bevorstehenden Termin.\u00a0<\/p>\t\t\t\t\t\t\t\t<\/div>\n\t\t\t\t<div class=\"elementor-element elementor-element-8296fac elementor-mobile-align-justify elementor-widget elementor-widget-button\" data-id=\"8296fac\" data-element_type=\"widget\" data-e-type=\"widget\" data-widget_type=\"button.default\">\n\t\t\t\t\t\t\t\t\t\t<a class=\"elementor-button elementor-button-link elementor-size-sm\" href=\"#\">\n\t\t\t\t\t\t<span class=\"elementor-button-content-wrapper\">\n\t\t\t\t\t\t\t\t\t<span class=\"elementor-button-text\">Termin in deinem Kalender speichern.<\/span>\n\t\t\t\t\t<\/span>\n\t\t\t\t\t<\/a>\n\t\t\t\t\t\t\t\t<\/div>\n\t\t\t\t<\/div>\n\t\t<div class=\"elementor-element elementor-element-3a350a6 e-con-full e-flex e-con e-child\" data-id=\"3a350a6\" data-element_type=\"container\" data-e-type=\"container\" data-settings=\"{&quot;background_background&quot;:&quot;classic&quot;}\">\n\t\t\t\t<div class=\"elementor-element elementor-element-405acee elementor-widget elementor-widget-image\" data-id=\"405acee\" data-element_type=\"widget\" data-e-type=\"widget\" data-widget_type=\"image.default\">\n\t\t\t\t\t\t\t\t\t\t\t\t\t\t\t<img fetchpriority=\"high\" decoding=\"async\" width=\"800\" height=\"720\" src=\"https:\/\/daniel-herrmann.io\/wp-content\/uploads\/2024\/09\/Daniel-Herrmann-Hero-1-1024x922.png\" class=\"attachment-large size-large wp-image-155\" alt=\"\" srcset=\"https:\/\/daniel-herrmann.io\/wp-content\/uploads\/2024\/09\/Daniel-Herrmann-Hero-1-1024x922.png 1024w, https:\/\/daniel-herrmann.io\/wp-content\/uploads\/2024\/09\/Daniel-Herrmann-Hero-1-300x270.png 300w, https:\/\/daniel-herrmann.io\/wp-content\/uploads\/2024\/09\/Daniel-Herrmann-Hero-1-768x692.png 768w, https:\/\/daniel-herrmann.io\/wp-content\/uploads\/2024\/09\/Daniel-Herrmann-Hero-1.png 1046w\" sizes=\"(max-width: 800px) 100vw, 800px\" \/>\t\t\t\t\t\t\t\t\t\t\t\t\t\t\t<\/div>\n\t\t\t\t<\/div>\n\t\t\t\t<\/div>\n\t\t\t\t<\/div>\n\t\t\t\t\t<\/div>\n\t\t\t\t<\/div>\n\t\t\t\t<\/div>","protected":false},"excerpt":{"rendered":"<p>Validierung computergest\u00fctzter Systeme Danke f\u00fcr die Terminbuchung Ich freue mich sehr, dass Du Dich f\u00fcr ein Gespr\u00e4ch mit mir entschieden hast und bin gespannt auf das Gespr\u00e4ch. Es ist mir eine Freude, Dich bei Deinen individuellen Herausforderungen zu unterst\u00fctzen, und blicke mit Neugier und Vorfreude auf den bevorstehenden Termin. Termin in deinem Kalender speichern.<\/p>","protected":false},"author":2,"featured_media":0,"parent":0,"menu_order":0,"comment_status":"closed","ping_status":"closed","template":"","meta":{"footnotes":""},"folder":[31],"class_list":["post-348","page","type-page","status-publish","hentry"],"_links":{"self":[{"href":"https:\/\/daniel-herrmann.io\/en\/wp-json\/wp\/v2\/pages\/348","targetHints":{"allow":["GET"]}}],"collection":[{"href":"https:\/\/daniel-herrmann.io\/en\/wp-json\/wp\/v2\/pages"}],"about":[{"href":"https:\/\/daniel-herrmann.io\/en\/wp-json\/wp\/v2\/types\/page"}],"author":[{"embeddable":true,"href":"https:\/\/daniel-herrmann.io\/en\/wp-json\/wp\/v2\/users\/2"}],"replies":[{"embeddable":true,"href":"https:\/\/daniel-herrmann.io\/en\/wp-json\/wp\/v2\/comments?post=348"}],"version-history":[{"count":0,"href":"https:\/\/daniel-herrmann.io\/en\/wp-json\/wp\/v2\/pages\/348\/revisions"}],"wp:attachment":[{"href":"https:\/\/daniel-herrmann.io\/en\/wp-json\/wp\/v2\/media?parent=348"}],"wp:term":[{"taxonomy":"folder","embeddable":true,"href":"https:\/\/daniel-herrmann.io\/en\/wp-json\/wp\/v2\/folder?post=348"}],"curies":[{"name":"wp","href":"https:\/\/api.w.org\/{rel}","templated":true}]}}