{"id":203,"date":"2024-09-23T15:53:49","date_gmt":"2024-09-23T15:53:49","guid":{"rendered":"https:\/\/daniel-herrmann.io\/?page_id=203"},"modified":"2024-10-24T12:51:44","modified_gmt":"2024-10-24T12:51:44","slug":"daniel-herrmann-methode","status":"publish","type":"page","link":"https:\/\/daniel-herrmann.io\/en\/daniel-herrmann-methode\/","title":{"rendered":"Daniel-Herrmann-Methode"},"content":{"rendered":"<div data-elementor-type=\"wp-page\" data-elementor-id=\"203\" class=\"elementor elementor-203\" data-elementor-post-type=\"page\">\n\t\t\t\t<div class=\"elementor-element elementor-element-1eaa17b e-con-full e-flex e-con e-parent\" data-id=\"1eaa17b\" data-element_type=\"container\" data-e-type=\"container\">\n\t\t<div class=\"elementor-element elementor-element-288fab4 e-con-full e-flex e-con e-child\" data-id=\"288fab4\" data-element_type=\"container\" data-e-type=\"container\">\n\t\t\t\t<div class=\"elementor-element elementor-element-1e72548 elementor-widget elementor-widget-image\" data-id=\"1e72548\" data-element_type=\"widget\" data-e-type=\"widget\" data-widget_type=\"image.default\">\n\t\t\t\t\t\t\t\t\t\t\t\t\t\t\t<img fetchpriority=\"high\" decoding=\"async\" width=\"800\" height=\"68\" src=\"https:\/\/daniel-herrmann.io\/wp-content\/uploads\/2024\/09\/Asset-5Daniel-Logo-1-1024x87.png\" class=\"attachment-large size-large wp-image-491\" alt=\"\" srcset=\"https:\/\/daniel-herrmann.io\/wp-content\/uploads\/2024\/09\/Asset-5Daniel-Logo-1-1024x87.png 1024w, https:\/\/daniel-herrmann.io\/wp-content\/uploads\/2024\/09\/Asset-5Daniel-Logo-1-300x25.png 300w, https:\/\/daniel-herrmann.io\/wp-content\/uploads\/2024\/09\/Asset-5Daniel-Logo-1-768x65.png 768w, https:\/\/daniel-herrmann.io\/wp-content\/uploads\/2024\/09\/Asset-5Daniel-Logo-1.png 1156w\" sizes=\"(max-width: 800px) 100vw, 800px\" \/>\t\t\t\t\t\t\t\t\t\t\t\t\t\t\t<\/div>\n\t\t\t\t<div class=\"elementor-element elementor-element-9db35a3 elementor-widget elementor-widget-html\" data-id=\"9db35a3\" data-element_type=\"widget\" data-e-type=\"widget\" data-widget_type=\"html.default\">\n\t\t\t\t\t<div style=\"position: relative; padding-bottom: 56.25%; height: 0;\"><iframe src=\"https:\/\/www.loom.com\/embed\/af266871a52f4613933f77503338f792?sid=a01e3405-c351-45a6-91cd-a09cd66d7a23\" frameborder=\"0\" webkitallowfullscreen mozallowfullscreen allowfullscreen style=\"position: absolute; top: 0; left: 0; width: 100%; height: 100%;\"><\/iframe><\/div>\t\t\t\t<\/div>\n\t\t\t\t<\/div>\n\t\t\t\t<div class=\"elementor-element elementor-element-0ffb20c elementor-mobile-align-justify elementor-widget elementor-widget-button\" data-id=\"0ffb20c\" data-element_type=\"widget\" data-e-type=\"widget\" data-widget_type=\"button.default\">\n\t\t\t\t\t\t\t\t\t\t<a class=\"elementor-button elementor-button-link elementor-size-sm\" href=\"https:\/\/daniel-herrmann.io\/en\/termin-vereinbaren\/\">\n\t\t\t\t\t\t<span class=\"elementor-button-content-wrapper\">\n\t\t\t\t\t\t\t\t\t<span class=\"elementor-button-text\">Erstgespr\u00e4ch vereinbaren<br><span style=\"font-size: 12px\">kostenfrei und unverbindlich<\/span><\/span>\n\t\t\t\t\t<\/span>\n\t\t\t\t\t<\/a>\n\t\t\t\t\t\t\t\t<\/div>\n\t\t\t\t<\/div>\n\t\t<div class=\"elementor-element elementor-element-76e234b e-flex e-con-boxed e-con e-parent\" data-id=\"76e234b\" data-element_type=\"container\" data-e-type=\"container\" data-settings=\"{&quot;background_background&quot;:&quot;classic&quot;}\">\n\t\t\t\t\t<div class=\"e-con-inner\">\n\t\t<div class=\"elementor-element elementor-element-f9e8dd3 e-con-full e-flex e-con e-child\" data-id=\"f9e8dd3\" data-element_type=\"container\" data-e-type=\"container\">\n\t\t<div class=\"elementor-element elementor-element-ef892cc e-con-full e-flex e-con e-child\" data-id=\"ef892cc\" data-element_type=\"container\" data-e-type=\"container\">\n\t\t\t\t<div class=\"elementor-element elementor-element-466b18a elementor-widget elementor-widget-image\" data-id=\"466b18a\" data-element_type=\"widget\" data-e-type=\"widget\" data-widget_type=\"image.default\">\n\t\t\t\t\t\t\t\t\t\t\t\t\t\t\t\t<a href=\"https:\/\/daniel-herrmann.io\/en\">\n\t\t\t\t\t\t\t<img decoding=\"async\" width=\"1156\" height=\"98\" src=\"https:\/\/daniel-herrmann.io\/wp-content\/uploads\/2024\/09\/Asset-5Daniel-Logo-1.png\" class=\"attachment-full size-full wp-image-491\" alt=\"\" srcset=\"https:\/\/daniel-herrmann.io\/wp-content\/uploads\/2024\/09\/Asset-5Daniel-Logo-1.png 1156w, https:\/\/daniel-herrmann.io\/wp-content\/uploads\/2024\/09\/Asset-5Daniel-Logo-1-300x25.png 300w, https:\/\/daniel-herrmann.io\/wp-content\/uploads\/2024\/09\/Asset-5Daniel-Logo-1-1024x87.png 1024w, https:\/\/daniel-herrmann.io\/wp-content\/uploads\/2024\/09\/Asset-5Daniel-Logo-1-768x65.png 768w\" sizes=\"(max-width: 1156px) 100vw, 1156px\" \/>\t\t\t\t\t\t\t\t<\/a>\n\t\t\t\t\t\t\t\t\t\t\t\t\t\t\t<\/div>\n\t\t\t\t<div class=\"elementor-element elementor-element-030b435 elementor-widget elementor-widget-text-editor\" data-id=\"030b435\" data-element_type=\"widget\" data-e-type=\"widget\" data-widget_type=\"text-editor.default\">\n\t\t\t\t\t\t\t\t\t<p><strong><span style=\"text-decoration: underline; color: #000000;\"><a style=\"color: #000000; text-decoration: underline;\" href=\"https:\/\/daniel-herrmann.io\/en\/termin-vereinbaren\/\">Direkt zum pers\u00f6nlichen Termin<\/a><\/span><\/strong><\/p>\t\t\t\t\t\t\t\t<\/div>\n\t\t\t\t<\/div>\n\t\t<div class=\"elementor-element elementor-element-b4b741e e-con-full e-flex e-con e-child\" data-id=\"b4b741e\" data-element_type=\"container\" data-e-type=\"container\">\n\t\t\t\t<div class=\"elementor-element elementor-element-1dee7b5 elementor-widget elementor-widget-text-editor\" data-id=\"1dee7b5\" data-element_type=\"widget\" data-e-type=\"widget\" data-widget_type=\"text-editor.default\">\n\t\t\t\t\t\t\t\t\t<p><strong>Daniel Herrmann Unternehmensberatung<br><\/strong>Saarlouiser Stra\u00dfe 95 <br>66709 Weiskirchen<\/p>\t\t\t\t\t\t\t\t<\/div>\n\t\t\t\t<\/div>\n\t\t<div class=\"elementor-element elementor-element-d103bcf e-con-full e-flex e-con e-child\" data-id=\"d103bcf\" data-element_type=\"container\" data-e-type=\"container\">\n\t\t\t\t<div class=\"elementor-element elementor-element-5e4c9f2 elementor-align-start elementor-mobile-align-center elementor-icon-list--layout-traditional elementor-list-item-link-full_width elementor-widget elementor-widget-icon-list\" data-id=\"5e4c9f2\" data-element_type=\"widget\" data-e-type=\"widget\" data-widget_type=\"icon-list.default\">\n\t\t\t\t\t\t\t<ul class=\"elementor-icon-list-items\">\n\t\t\t\t\t\t\t<li class=\"elementor-icon-list-item\">\n\t\t\t\t\t\t\t\t\t\t\t<a href=\"https:\/\/daniel-herrmann.io\/en\/impressum\/\" target=\"_blank\">\n\n\t\t\t\t\t\t\t\t\t\t\t<span class=\"elementor-icon-list-text\">Legal Notice<\/span>\n\t\t\t\t\t\t\t\t\t\t\t<\/a>\n\t\t\t\t\t\t\t\t\t<\/li>\n\t\t\t\t\t\t\t\t<li class=\"elementor-icon-list-item\">\n\t\t\t\t\t\t\t\t\t\t\t<a href=\"https:\/\/daniel-herrmann.io\/en\/datenschutz\/\" target=\"_blank\">\n\n\t\t\t\t\t\t\t\t\t\t\t<span class=\"elementor-icon-list-text\">Privacy Policy<\/span>\n\t\t\t\t\t\t\t\t\t\t\t<\/a>\n\t\t\t\t\t\t\t\t\t<\/li>\n\t\t\t\t\t\t<\/ul>\n\t\t\t\t\t\t<\/div>\n\t\t\t\t<\/div>\n\t\t\t\t<\/div>\n\t\t\t\t\t<\/div>\n\t\t\t\t<\/div>\n\t\t\t\t<\/div>","protected":false},"excerpt":{"rendered":"<p>Erstgespr\u00e4ch vereinbaren kostenfrei und unverbindlich Direkt zum pers\u00f6nlichen Termin Daniel Herrmann Unternehmensberatung Saarlouiser Stra\u00dfe 95 66740 Saarlouis Impressum Datenschutz<\/p>","protected":false},"author":1,"featured_media":0,"parent":0,"menu_order":0,"comment_status":"closed","ping_status":"closed","template":"elementor_canvas","meta":{"footnotes":""},"folder":[33],"class_list":["post-203","page","type-page","status-publish","hentry"],"_links":{"self":[{"href":"https:\/\/daniel-herrmann.io\/en\/wp-json\/wp\/v2\/pages\/203","targetHints":{"allow":["GET"]}}],"collection":[{"href":"https:\/\/daniel-herrmann.io\/en\/wp-json\/wp\/v2\/pages"}],"about":[{"href":"https:\/\/daniel-herrmann.io\/en\/wp-json\/wp\/v2\/types\/page"}],"author":[{"embeddable":true,"href":"https:\/\/daniel-herrmann.io\/en\/wp-json\/wp\/v2\/users\/1"}],"replies":[{"embeddable":true,"href":"https:\/\/daniel-herrmann.io\/en\/wp-json\/wp\/v2\/comments?post=203"}],"version-history":[{"count":0,"href":"https:\/\/daniel-herrmann.io\/en\/wp-json\/wp\/v2\/pages\/203\/revisions"}],"wp:attachment":[{"href":"https:\/\/daniel-herrmann.io\/en\/wp-json\/wp\/v2\/media?parent=203"}],"wp:term":[{"taxonomy":"folder","embeddable":true,"href":"https:\/\/daniel-herrmann.io\/en\/wp-json\/wp\/v2\/folder?post=203"}],"curies":[{"name":"wp","href":"https:\/\/api.w.org\/{rel}","templated":true}]}}